{"id":303,"date":"2020-09-24T14:19:40","date_gmt":"2020-09-24T14:19:40","guid":{"rendered":"https:\/\/pharmasterwp.kriotech.io\/?page_id=303"},"modified":"2024-04-05T14:51:09","modified_gmt":"2024-04-05T14:51:09","slug":"palyazatok","status":"publish","type":"page","link":"https:\/\/pharmasterwp.kriotech.io\/?page_id=303","title":{"rendered":"P\u00e1ly\u00e1zatok"},"content":{"rendered":"<p><a href=\"https:\/\/pharmasterwp.kriotech.io\/wp-content\/uploads\/2020\/09\/logo1-1.jpg\"><img loading=\"lazy\" decoding=\"async\" class=\"alignnone wp-image-306\" src=\"https:\/\/pharmasterwp.kriotech.io\/wp-content\/uploads\/2020\/09\/logo1-1.jpg\" alt=\"\" width=\"419\" height=\"162\" data-wp-pid=\"306\" srcset=\"https:\/\/pharmasterwp.kriotech.io\/wp-content\/uploads\/2020\/09\/logo1-1.jpg 4590w, https:\/\/pharmasterwp.kriotech.io\/wp-content\/uploads\/2020\/09\/logo1-1-300x116.jpg 300w, https:\/\/pharmasterwp.kriotech.io\/wp-content\/uploads\/2020\/09\/logo1-1-768x296.jpg 768w, https:\/\/pharmasterwp.kriotech.io\/wp-content\/uploads\/2020\/09\/logo1-1-1024x395.jpg 1024w, https:\/\/pharmasterwp.kriotech.io\/wp-content\/uploads\/2020\/09\/logo1-1-800x309.jpg 800w\" sizes=\"(max-width: 419px) 100vw, 419px\" \/><\/a><a href=\"https:\/\/pharmasterwp.kriotech.io\/wp-content\/uploads\/2020\/09\/logo3.jpg\"><img loading=\"lazy\" decoding=\"async\" class=\"wp-image-311 alignright\" src=\"https:\/\/pharmasterwp.kriotech.io\/wp-content\/uploads\/2020\/09\/logo3.jpg\" alt=\"\" width=\"406\" height=\"281\" data-wp-pid=\"311\" srcset=\"https:\/\/pharmasterwp.kriotech.io\/wp-content\/uploads\/2020\/09\/logo3.jpg 1453w, https:\/\/pharmasterwp.kriotech.io\/wp-content\/uploads\/2020\/09\/logo3-300x207.jpg 300w, https:\/\/pharmasterwp.kriotech.io\/wp-content\/uploads\/2020\/09\/logo3-768x531.jpg 768w, https:\/\/pharmasterwp.kriotech.io\/wp-content\/uploads\/2020\/09\/logo3-1024x708.jpg 1024w, https:\/\/pharmasterwp.kriotech.io\/wp-content\/uploads\/2020\/09\/logo3-800x553.jpg 800w\" sizes=\"(max-width: 406px) 100vw, 406px\" \/><\/a><\/p>\n<p>Projekt azonos\u00edt\u00f3: <strong>GINOP-1.2.1-16-2017-00456<\/strong><\/p>\n<p>Kedvezm\u00e9nyezett neve: P<strong>harMaster Hungary Korl\u00e1tolt Felel\u0151ss\u00e9g\u0171 T\u00e1rsas\u00e1g<\/strong><\/p>\n<p>Projekt c\u00edme: <strong>\u201eDiagnosztikai reagens gy\u00e1rt\u00f3 \u00fczem termel\u00e9si kapacit\u00e1s\u00e1nak b\u0151v\u00edt\u00e9se\u201d<\/strong><\/p>\n<p>T\u00e1mogat\u00e1s \u00f6sszege: <strong>121 255\u00a0000 Ft<\/strong><\/p>\n<p>T\u00e1mogat\u00e1si intenzit\u00e1s: <strong>50%<\/strong><\/p>\n<p>Projekt befejez\u00e9s\u00e9nek d\u00e1tuma: <strong>2020.08.14.<\/strong><\/p>\n<h1 align=\"center\">Sajt\u00f3k\u00f6zlem\u00e9ny<\/h1>\n<h2 align=\"center\">Diagnosztikai reagens gy\u00e1rt\u00f3 \u00fczem termel\u00e9si kapacit\u00e1s\u00e1nak b\u0151v\u00edt\u00e9se<\/h2>\n<p align=\"justify\"><span style=\"font-family: 'Times New Roman', serif;\"><span style=\"font-size: medium;\"><span style=\"color: #000000;\"><span style=\"font-family: Arial, serif;\"><span style=\"font-size: small;\">A PharMaster Hungary Korl\u00e1tolt Felel\u0151ss\u00e9g\u0171 T\u00e1rsas\u00e1g sikeresen pa\u0301lya\u0301zott a Sze\u0301chenyi 2020 program kerete\u0301ben a GINOP-1.2.1-16-2017-00456\u00a0 &#8211; Mikro-, kis- e\u0301s ko\u0308ze\u0301pva\u0301llalkoza\u0301sok termele\u0301si kapacita\u0301sainak bo\u030bvi\u0301te\u0301se ci\u0301mu\u030b konstrukcio\u0301n. A sikeres pa\u0301lya\u0301zatnak ko\u0308szo\u0308nheto\u030ben 242,51 millio\u0301 forint o\u0308sszko\u0308ltse\u0301gu\u030b projekt kerete\u0301ben, 121,255 millio\u0301 forint vissza nem te\u0301ri\u0301tendo\u030b euro\u0301pai unio\u0301s ta\u0301mogata\u0301s mellett a ce\u0301g egy diagnosztikai reagens gy\u00e1rt\u00f3 \u00fczem termel\u00e9si kapacit\u00e1s\u00e1t tudja b\u0151v\u00edteni M\u00f3rahalmon. <\/span><\/span><\/span><\/span><\/span><\/p>\n<p align=\"justify\"><span style=\"font-family: 'Times New Roman', serif;\"><span style=\"font-size: medium;\"><span style=\"color: #000000;\"><span style=\"font-family: Arial, serif;\"><span style=\"font-size: small;\">A va\u0301llalkoza\u0301s a projektben tervezett eszko\u0308zbeszerze\u0301snek \u00e9s az immateri\u00e1lis javak beszerz\u00e9s\u00e9nek ko\u0308szo\u0308nheto\u030ben jelento\u030bs kapacita\u0301sbo\u030bvi\u0301te\u0301st realiza\u0301l. A beszerze\u0301sre ker\u00fcl\u0151 eszk\u00f6z\u00f6k \u00e9s immateri\u00e1lis javak gya\u0301rto\u0301sorba illeszte\u0301se re\u0301ve\u0301n, a kialak\u00edt\u00e1sra ker\u00fcl\u0151 saj\u00e1t infrastruk\u00far\u00e1nak k\u00f6sz\u00f6nhet\u0151en a va\u0301llalkoza\u0301s n\u00f6velni tudja <\/span><\/span><\/span><span style=\"font-family: Arial, serif;\"><span style=\"font-size: small;\">a nukleinsav tartalm\u00fa term\u00e9kek (oligonukleotidok) el\u0151\u00e1ll\u00edt\u00e1si volumen\u00e9t, megteremti a feh\u00e9rje-antitest (monoklon\u00e1lis antitest) alap\u00fa gyors-tesztek el\u0151\u00e1ll\u00edt\u00e1s\u00e1hoz sz\u00fcks\u00e9ges kapacit\u00e1st, valamint bevezeti az el\u0151\u00e1ll\u00edt\u00e1sra ker\u00fcl\u0151 term\u00e9kek enged\u00e9lyeztet\u00e9s\u00e9nek, gy\u00e1rt\u00e1s\u00e1nak, t\u00e1rol\u00e1s\u00e1nak, sz\u00e1ll\u00edt\u00e1s\u00e1nak \u00e9s \u00e9rt\u00e9kes\u00edt\u00e9s\u00e9nek folyamatainak menedzsel\u00e9s\u00e9re szolg\u00e1l\u00f3 szoftver infrastrukt\u00far\u00e1t.<\/span><\/span><\/span><\/span><\/p>\n<p align=\"justify\"><span style=\"font-family: 'Times New Roman', serif;\"><span style=\"font-size: medium;\"><span style=\"color: #000000;\"><span style=\"font-family: Arial, serif;\"><span style=\"font-size: small;\">A v\u00e1llalkoz\u00e1s a fejleszt\u00e9s eredm\u00e9nyek\u00e9nt genetikai laborat\u00f3riumi diagnosztikai vizsg\u00e1latokat tud majd elv\u00e9gezni, k\u00e9pes lesz az \u00e9rt\u00e9kes\u00edtett diagnosztikumok folyamatos min\u0151s\u00e9gellen\u0151rz\u00e9s\u00e9re, a tesztekkel kapott eredm\u00e9nyek \u00e9rt\u00e9kel\u00e9s\u00e9re, valid\u00e1l\u00e1s\u00e1ra, valamint meg tud jelenni az STD gyorstesztek eur\u00f3pai piac\u00e1n is. <\/span><\/span><\/span><\/span><\/span><\/p>\n<p align=\"justify\"><span style=\"font-family: 'Times New Roman', serif;\"><span style=\"font-size: medium;\"><span style=\"color: #000000;\"><span style=\"font-family: Arial, serif;\"><span style=\"font-size: small;\">A GINOP-1.2.1-16-2017-00456 azonosi\u0301to\u0301 sza\u0301mu\u0301 projekt M\u00f3rahalmon az Euro\u0301pai Unio\u0301 ta\u0301mogata\u0301sa\u0301val, az Euro\u0301pai Regiona\u0301lis Fejleszte\u0301si Alap ta\u0301rsfinanszi\u0301roza\u0301sa\u0301val valo\u0301sul meg. <\/span><\/span><\/span><\/span><\/span><\/p>\n<p><a name=\"_GoBack\"><\/a> <span style=\"font-family: 'Times New Roman', serif;\"><span style=\"font-size: medium;\"><span style=\"color: #000000;\"><span style=\"font-family: Arial, serif;\"><span style=\"font-size: small;\">A projekt megval\u00f3s\u00edt\u00e1sa 2018.09.01-\u00e9n kezd\u0151d\u00f6tt meg.<\/span><\/span><\/span><\/span><\/span><\/p>\n<p><span style=\"font-family: 'Times New Roman', serif;\"><span style=\"font-size: medium;\"><span style=\"font-family: Arial, serif;\"><span style=\"font-size: small;\"><b>Tova\u0301bbi informa\u0301cio\u0301 ke\u0301rheto\u030b: <\/b><\/span><\/span><\/span><\/span><\/p>\n<p><span style=\"font-family: 'Times New Roman', serif;\"><span style=\"font-size: medium;\"><span style=\"font-family: Arial, serif;\"><span style=\"font-size: small;\">Dr. V\u00e1mosi B\u00e9la<br \/>\nTelefon: +36-70-943-9760<br \/>\nEmail: <a href=\"mailto:info@pharmaster.hu\">info@pharmaster.hu<\/a><\/span><\/span><\/span><\/span><\/p>\n<h1>Nyilv\u00e1nos p\u00e1ly\u00e1zati \u00f6sszefoglal\u00f3<\/h1>\n<p class=\"western\" lang=\"hu-HU\">A Pharmaster Kft. 100 %-ban magyar tulajdon\u00fa, 2013-as alap\u00edt\u00e1sa \u00f3ta dinamikus n\u00f6vekv\u0151 v\u00e1llalkoz\u00e1s. A c\u00e9g szakter\u00fclete az orvosi biotechnol\u00f3gia. Projektjeinek t\u00f6bbs\u00e9ge a hum\u00e1n gy\u00f3gyszeriparhoz \u00e9s az orvosi diagnosztik\u00e1hoz kapcsol\u00f3dik.<\/p>\n<p class=\"western\" lang=\"hu-HU\">\u00dczleti modellj\u00e9t tekintve a c\u00e9g els\u0151sorban a kis \u00e9s k\u00f6zepes m\u00e9ret\u0171 biotechnol\u00f3giai v\u00e1llalkoz\u00e1sok sz\u00e1m\u00e1ra ny\u00fajt kutat\u00e1sfejleszt\u00e9si szolg\u00e1ltat\u00e1sokat f\u0151k\u00e9nt a genomika ter\u00fclet\u00e9n. Ezen szolg\u00e1ltat\u00e1sok a k\u00fcl\u00f6nb\u00f6z\u0151 emberi betegs\u00e9gekhez kapcsol\u00f3d\u00f3an a k\u00f3rh\u00e1zakb\u00f3l kutat\u00e1si c\u00e9lra gy\u0171jt\u00f6tt biol\u00f3giai mint\u00e1k gy\u0171jt\u00e9s\u00e9t\u0151l azok laborat\u00f3riumi feldolgoz\u00e1s\u00e1n kereszt\u00fcl a nagy \u00e1tereszt\u0151 k\u00e9pess\u00e9g\u0171 berendez\u00e9sekkel (pl. genom szekven\u00e1tor) folytatott k\u00eds\u00e9rletekig terjednek.<\/p>\n<p class=\"western\" lang=\"hu-HU\">A Pharmaster Kft. Projektj\u00e9nek a c\u00e9lja diagnosztikumokat gy\u00e1rt\u00f3 \u00fczem\u00e9nek fejleszt\u00e9se volt. A fejleszt\u00e9s szoftverbeszerz\u00e9st, know-how beszerz\u00e9s\u00e9t \u00e9s eszk\u00f6zbeszerz\u00e9st tartalmazott. A fejleszt\u00e9s egyik c\u00e9lja volt a nukleinsav tartalm\u00fa term\u00e9kek (oligonukleotidok) el\u0151\u00e1ll\u00edt\u00e1si volumen\u00e9nek n\u00f6vel\u00e9se \u00e9s ehhez saj\u00e1t infrastrukt\u00fara haszn\u00e1lata. Az oligonukleotid tervez\u00e9st megel\u0151z\u0151 szekvencia elemz\u00e9s az adatforr\u00e1s f\u00fcggv\u00e9ny\u00e9ben (pl.: szekven\u00e1torb\u00f3l \u00e9rkez\u0151 nyers adat) nagy sz\u00e1m\u00edt\u00e1sig\u00e9ny\u0171 speci\u00e1lisan erre a c\u00e9lra fejlesztett berendez\u00e9st ig\u00e9nyel. Ez\u00e9rt sz\u00fcks\u00e9ges beszerezn\u00fcnk a Genomelemz\u0151 rendszert. A nagym\u00e9ret\u0171 szekvencia \u00e9s kieg\u00e9sz\u00edt\u0151 biol\u00f3giai\/orvosi adatok t\u00e1rol\u00e1s\u00e1hoz volt sz\u00fcks\u00e9g Biobank adatb\u00e1zis szerver, redund\u00e1ns backup szerverrel. A g\u00e9pi tanul\u00e1s alap\u00fa expresszi\u00f3s-vektor tervez\u0151 rendszer az expresszi\u00f3s vektorok (DNS alap\u00fa) tervez\u00e9s\u00e9nek feladat\u00e1t l\u00e1tja el. A rendszer g\u00e9pi tanul\u00e1s alap\u00fa elj\u00e1r\u00e1st alkalmaz annak \u00e9rdek\u00e9ben, hogy a v\u00e1ltoz\u00f3, standard \u201ebrick\u201d-ekb\u0151l \u00e1ll\u00f3 DNS r\u00e9gi\u00f3k kombin\u00e1l\u00e1s\u00e1val az id\u0151 el\u0151rehaladt\u00e1val egyre jobban m\u0171k\u00f6d\u0151 expresszi\u00f3s vektorokat tervezzen. Ezzel a konkurensek \u00e1ltal \u00e1rus\u00edtottakt\u00f3l jobb min\u0151s\u00e9g\u0171, effekt\u00edvebben m\u0171k\u00f6d\u0151 vektorokat tudunk majd tervezni. A qPCR berendez\u00e9s alapvet\u0151 c\u00e9lja a mint\u00e1kban l\u00e9v\u0151 DNS \u00e9s RNS mennyis\u00e9gi meghat\u00e1roz\u00e1s\u00e1n k\u00edv\u00fcl a DNS mennyis\u00e9g\u00e9nek sokszoroz\u00e1sa. A g\u00e9pbe helyezett minta alapj\u00e1n hozz\u00e1adott reagensekb\u0151l nagy mennyis\u00e9g\u0171 oligonukleotid el\u0151\u00e1ll\u00edt\u00e1s\u00e1ra k\u00e9pes, melyet c\u00e9g\u00fcnk \u00e9rt\u00e9kes\u00edteni tud. A rendszer tartalmazza a termel\u00e9s param\u00e9tereinek \u00e9rt\u00e9kel\u00e9s\u00e9hez, vizualiz\u00e1l\u00e1s\u00e1hoz sz\u00fcks\u00e9ges hardver \u00e9s szoftver h\u00e1tteret is. A fejleszt\u00e9s m\u00e1sik c\u00e9lja a feh\u00e9rje-antitest (monoklon\u00e1lis antitest) alap\u00fa gyors-tesztek el\u0151\u00e1ll\u00edt\u00e1s\u00e1hoz sz\u00fcks\u00e9ges kapacit\u00e1s ki\u00e9p\u00edt\u00e9se volt. C\u00e9g\u00fcnk kor\u00e1bban ezekkel a term\u00e9kekkel csak kereskedett.<\/p>\n<p class=\"western\" lang=\"hu-HU\">A gyorstesztek m\u00f3rahalmi telephely\u00fcnk\u00f6n t\u00f6rt\u00e9n\u0151 gy\u00e1rt\u00e1s\u00e1hoz sz\u00fcks\u00e9ges know-how-t a projekt keretei k\u00f6z\u00f6tt szerezt\u00fck be. A tesztek el\u0151\u00e1ll\u00edt\u00e1s\u00e1hoz sz\u00fcks\u00e9ges eszk\u00f6z\u00f6ket a c\u00e9g\u00fcnk saj\u00e1t er\u0151b\u0151l szerezte be. Mivel a gy\u00e1rtott gyors-teszteket m\u00e1r a termel\u00e9s megindul\u00e1s\u00e1t k\u00f6vet\u0151 \u00e9vben Eur\u00f3pa t\u00f6bbi orsz\u00e1g\u00e1ban is \u00e9rt\u00e9kes\u00edtj\u00fck, a m\u00e1sik beszerzett know-how azt a c\u00e9lt szolg\u00e1lt, hogy a CE-megfelel\u0151s\u00e9g (CE-jelz\u00e9s) megszerz\u00e9s\u00e9hez sz\u00fcks\u00e9ges elj\u00e1r\u00e1srend le\u00edr\u00e1s\u00e1t \u00e9s az enged\u00e9lyez\u00e9shez sz\u00fcks\u00e9ges dokument\u00e1ci\u00f3t beszerezz\u00fck. A projekt harmadik c\u00e9lja volt, hogy a fent bemutatott k\u00e9t term\u00e9k enged\u00e9lyeztet\u00e9s\u00e9nek, gy\u00e1rt\u00e1s\u00e1nak, t\u00e1rol\u00e1s\u00e1nak, sz\u00e1ll\u00edt\u00e1s\u00e1nak \u00e9s \u00e9rt\u00e9kes\u00edt\u00e9s\u00e9nek folyamatainak menedzsel\u00e9s\u00e9re szolg\u00e1l\u00f3 szoftver infrastrukt\u00far\u00e1t alak\u00edtsunk ki. Az \u00e9rt\u00e9kes\u00edt\u00e9s t\u00e1mogat\u00e1s\u00e1t szolg\u00e1lja a Webshop, a speci\u00e1lis ter\u00fcletnek megfelel\u0151en z\u00e1rt fel\u00fcletein klinikai adatok t\u00e1rol\u00e1s\u00e1t lehet\u0151v\u00e9 tev\u0151 funkci\u00f3val. A term\u00e9kek t\u00e1rol\u00e1si \u00e9s gy\u00e1rt\u00e1si h\u0151m\u00e9rs\u00e9klet\u00e9nek monitoroz\u00e1s\u00e1ra szint\u00e9n szoftvert szerezt\u00fcnk be. A projekt sor\u00e1n szint\u00e9n beszerz\u00e9sre ker\u00fclt egy termel\u00e9sir\u00e1ny\u00edt\u00e1si \u00e9s d\u00f6nt\u00e9st\u00e1mogat\u00f3 rendszer, valamint az azt kieg\u00e9sz\u00edt\u0151 diagnosztikum adat \u00e9s \u00fcgymenet kezel\u0151 rendszer, mely a diagnosztikai term\u00e9kekkel kapcsolatos \u00fcgymenetek menedzsel\u00e9s\u00e9re szolg\u00e1l (alapadatok nyilv\u00e1ntart\u00e1sa, a gy\u00e1rt\u00e1sban felhaszn\u00e1lhat\u00f3 anyagok enged\u00e9lyez\u00e9se, kapcsol\u00f3d\u00f3 dokumentumok iktat\u00e1sa, riportok, formanyomtatv\u00e1nyok el\u0151\u00e1ll\u00edt\u00e1sa stb.).<\/p>\n<p><a href=\"https:\/\/pharmasterwp.kriotech.io\/wp-content\/uploads\/2020\/09\/logo2.jpg\"><img loading=\"lazy\" decoding=\"async\" class=\"alignnone size-full wp-image-309\" src=\"https:\/\/pharmasterwp.kriotech.io\/wp-content\/uploads\/2020\/09\/logo2.jpg\" alt=\"\" width=\"708\" height=\"295\" data-wp-pid=\"309\" srcset=\"https:\/\/pharmasterwp.kriotech.io\/wp-content\/uploads\/2020\/09\/logo2.jpg 708w, https:\/\/pharmasterwp.kriotech.io\/wp-content\/uploads\/2020\/09\/logo2-300x125.jpg 300w\" sizes=\"(max-width: 708px) 100vw, 708px\" \/><\/a><\/p>\n","protected":false},"excerpt":{"rendered":"<p>Projekt azonos\u00edt\u00f3: GINOP-1.2.1-16-2017-00456 Kedvezm\u00e9nyezett neve: PharMaster Hungary Korl\u00e1tolt Felel\u0151ss\u00e9g\u0171 T\u00e1rsas\u00e1g Projekt c\u00edme: \u201eDiagnosztikai reagens gy\u00e1rt\u00f3 \u00fczem termel\u00e9si kapacit\u00e1s\u00e1nak b\u0151v\u00edt\u00e9se\u201d T\u00e1mogat\u00e1s \u00f6sszege: 121 255\u00a0000 Ft T\u00e1mogat\u00e1si intenzit\u00e1s: 50% Projekt befejez\u00e9s\u00e9nek d\u00e1tuma: 2020.08.14. Sajt\u00f3k\u00f6zlem\u00e9ny Diagnosztikai reagens gy\u00e1rt\u00f3 [&hellip;]<\/p>\n","protected":false},"author":1,"featured_media":0,"parent":0,"menu_order":0,"comment_status":"closed","ping_status":"closed","template":"","meta":{"footnotes":""},"_links":{"self":[{"href":"https:\/\/pharmasterwp.kriotech.io\/index.php?rest_route=\/wp\/v2\/pages\/303"}],"collection":[{"href":"https:\/\/pharmasterwp.kriotech.io\/index.php?rest_route=\/wp\/v2\/pages"}],"about":[{"href":"https:\/\/pharmasterwp.kriotech.io\/index.php?rest_route=\/wp\/v2\/types\/page"}],"author":[{"embeddable":true,"href":"https:\/\/pharmasterwp.kriotech.io\/index.php?rest_route=\/wp\/v2\/users\/1"}],"replies":[{"embeddable":true,"href":"https:\/\/pharmasterwp.kriotech.io\/index.php?rest_route=%2Fwp%2Fv2%2Fcomments&post=303"}],"version-history":[{"count":16,"href":"https:\/\/pharmasterwp.kriotech.io\/index.php?rest_route=\/wp\/v2\/pages\/303\/revisions"}],"predecessor-version":[{"id":333,"href":"https:\/\/pharmasterwp.kriotech.io\/index.php?rest_route=\/wp\/v2\/pages\/303\/revisions\/333"}],"wp:attachment":[{"href":"https:\/\/pharmasterwp.kriotech.io\/index.php?rest_route=%2Fwp%2Fv2%2Fmedia&parent=303"}],"curies":[{"name":"wp","href":"https:\/\/api.w.org\/{rel}","templated":true}]}}